{"id":24,"date":"2017-09-14T22:10:19","date_gmt":"2017-09-14T22:10:19","guid":{"rendered":"http:\/\/wordpress-store-template.24sevenoffice.com\/?page_id=24"},"modified":"2023-04-23T08:24:20","modified_gmt":"2023-04-23T08:24:20","slug":"welcome","status":"publish","type":"page","link":"https:\/\/tannlegeaubert.24sevenstore.no\/","title":{"rendered":"Velkommen til Tannlege Aubert"},"content":{"rendered":"\n<p><em>V\u00e5rt m\u00e5l er forebygging av tann- og munnsykdommer. Vi vil gi deg et friskt og attraktivt smil, og dermed \u00f8ke din livskvalitet. Tannlege Aubert <\/em><em>har fokus p\u00e5 behagelig og smertefri behandling og setter av god tid til \u00e5 lytte til deg og dine behov.<\/em><\/p>\n\n\n\n<h2>Smerter i dag? Vi bist\u00e5r p\u00e5 dagen!<\/h2>\n\n\n\n<p>Tannverk og andre akutte besv\u00e6r trenger ofte \u00e5 behandles s\u00e5 snart som mulig. Derfor tilbyr vi deg en garantert tannlegetime i dag.<br>Jo lengre du venter med tannlegebes\u00f8ket, desto mer alvorlig, kostbart og omfattende kan tannbehandlingen bli. Vi har kapasitet til \u00e5 ta imot nye pasienter, og kan tilby garantert tannlegetime p\u00e5 dagen, midt i Notodden sentrum.<\/p>\n\n\n\n<h2>Tannlegeskrekk? Vi er her for deg!<\/h2>\n\n\n\n<p>Tannlegeskrekk\u00a0er et alvorlig samfunnsproblem, som b\u00f8r f\u00e5 \u00f8kt oppmerksomhet. Mange avst\u00e5r fra \u00e5 opps\u00f8ke tannlege p\u00e5 grunn av d\u00e5rlige erfaringer i tannlegestolen. Vi har fokus p\u00e5 din opplevelse og vil hjelpe deg \u00e5 bli kvitt din tannlegeskrekk. Tannlege Aubert<em><em> <\/em><\/em>gj\u00f8r alt for at du skal f\u00f8le deg trygg og ivaretatt. Alle behandlinger skal v\u00e6re smertefrie, du f\u00e5r god informasjon og du har selv kontroll over behandlingen.<\/p>\n","protected":false},"excerpt":{"rendered":"<p>V\u00e5rt m\u00e5l er forebygging av tann- og munnsykdommer. Vi vil gi deg et friskt og attraktivt smil, og dermed \u00f8ke din livskvalitet. Tannlege Aubert har fokus p\u00e5 behagelig og smertefri behandling og setter av god tid til \u00e5 lytte til deg og dine behov. Smerter i dag? Vi bist\u00e5r p\u00e5 dagen! Tannverk og andre akutte<\/p>\n","protected":false},"author":1,"featured_media":0,"parent":0,"menu_order":0,"comment_status":"closed","ping_status":"closed","template":"template-homepage.php","meta":{"_eb_attr":""},"_links":{"self":[{"href":"https:\/\/tannlegeaubert.24sevenstore.no\/index.php?rest_route=\/wp\/v2\/pages\/24"}],"collection":[{"href":"https:\/\/tannlegeaubert.24sevenstore.no\/index.php?rest_route=\/wp\/v2\/pages"}],"about":[{"href":"https:\/\/tannlegeaubert.24sevenstore.no\/index.php?rest_route=\/wp\/v2\/types\/page"}],"author":[{"embeddable":true,"href":"https:\/\/tannlegeaubert.24sevenstore.no\/index.php?rest_route=\/wp\/v2\/users\/1"}],"replies":[{"embeddable":true,"href":"https:\/\/tannlegeaubert.24sevenstore.no\/index.php?rest_route=%2Fwp%2Fv2%2Fcomments&post=24"}],"version-history":[{"count":10,"href":"https:\/\/tannlegeaubert.24sevenstore.no\/index.php?rest_route=\/wp\/v2\/pages\/24\/revisions"}],"predecessor-version":[{"id":218,"href":"https:\/\/tannlegeaubert.24sevenstore.no\/index.php?rest_route=\/wp\/v2\/pages\/24\/revisions\/218"}],"wp:attachment":[{"href":"https:\/\/tannlegeaubert.24sevenstore.no\/index.php?rest_route=%2Fwp%2Fv2%2Fmedia&parent=24"}],"curies":[{"name":"wp","href":"https:\/\/api.w.org\/{rel}","templated":true}]}}