{"id":221,"date":"2023-09-23T15:51:30","date_gmt":"2023-09-23T15:51:30","guid":{"rendered":"https:\/\/tannlegeaubert.24sevenstore.no\/?page_id=221"},"modified":"2026-02-08T12:09:46","modified_gmt":"2026-02-08T12:09:46","slug":"priser","status":"publish","type":"page","link":"https:\/\/tannlegeaubert.24sevenstore.no\/?page_id=221","title":{"rendered":"Priser"},"content":{"rendered":"\n<figure class=\"wp-block-table is-style-stripes\"><table><tbody><tr><td><strong>Tjeneste<\/strong><\/td><td><strong>Pris<\/strong><\/td><\/tr><tr><td>R\u00f8ntgen bilde<\/td><td>160,-<\/td><\/tr><tr><td>OPG- panorama bilde<\/td><td>800,-<\/td><\/tr><tr><td>Bed\u00f8velse<\/td><td>200,-<\/td><\/tr><tr><td>Tannsteinfjerning 5min<\/td><td>170,-<\/td><\/tr><tr><td>Unders\u00f8kelse, 2 r\u00f8ntgen bilder og tannsteinfjerning<\/td><td>1 700,-<\/td><\/tr><tr><td>Kompositt fylling 1-flate<\/td><td>1100,- <\/td><\/tr><tr><td>Kompositt fylling 2-flater<\/td><td>1700,-<\/td><\/tr><tr><td>Kompositt fylling 3-flater<\/td><td>1850,-<\/td><\/tr><tr><td>Midlertidig fylling (IRM)<\/td><td>500,-<\/td><\/tr><tr><td>Kompositt som provisorium<\/td><td>800,-<\/td><\/tr><tr><td>Krone<\/td><td>7500,-<\/td><\/tr><tr><td>Bropilar<\/td><td>7500,-<\/td><\/tr><tr><td>Broledd<\/td><td>6500,-<\/td><\/tr><tr><td>Implantat krone +tekniske utgifter kommer i tillegg<\/td><td>6000,-<\/td><\/tr><tr><td>Rotfylling av tann 1 kanal<\/td><td>6000,-<\/td><\/tr><tr><td>Rotfylling av tann 2 kanaler<\/td><td>7000,-<\/td><\/tr><tr><td>Rotfylling av tann 3-4 kanaler<\/td><td>8000,-<\/td><\/tr><tr><td>Fjerning av tann &#8211; ukomplisert<\/td><td>1200,-<\/td><\/tr><tr><td>Fjerning av tann &#8211; spalte og fjerne<\/td><td>1500,-<\/td><\/tr><tr><td>Fjerning av tann &#8211; fjerne dyptliggende tann\/rot<\/td><td>2000,-<\/td><\/tr><tr><td>Partiel protese CR-CO<\/td><td>12500,-<\/td><\/tr><tr><td>Helprotese<\/td><td>12500,-<\/td><\/tr><tr><td>Midlertidig Valplast protese<\/td><td>5000,-<\/td><\/tr><\/tbody><\/table><\/figure>\n","protected":false},"excerpt":{"rendered":"<p>Tjeneste Pris R\u00f8ntgen bilde 160,- OPG- panorama bilde 800,- Bed\u00f8velse 200,- Tannsteinfjerning 5min 170,- Unders\u00f8kelse, 2 r\u00f8ntgen bilder og tannsteinfjerning 1 700,- Kompositt fylling 1-flate 1100,- Kompositt fylling 2-flater 1700,- Kompositt fylling 3-flater 1850,- Midlertidig fylling (IRM) 500,- Kompositt som provisorium 800,- Krone 7500,- Bropilar 7500,- Broledd 6500,- Implantat krone +tekniske utgifter kommer i tillegg<\/p>\n","protected":false},"author":1,"featured_media":0,"parent":0,"menu_order":0,"comment_status":"closed","ping_status":"closed","template":"","meta":{"_eb_attr":""},"_links":{"self":[{"href":"https:\/\/tannlegeaubert.24sevenstore.no\/index.php?rest_route=\/wp\/v2\/pages\/221"}],"collection":[{"href":"https:\/\/tannlegeaubert.24sevenstore.no\/index.php?rest_route=\/wp\/v2\/pages"}],"about":[{"href":"https:\/\/tannlegeaubert.24sevenstore.no\/index.php?rest_route=\/wp\/v2\/types\/page"}],"author":[{"embeddable":true,"href":"https:\/\/tannlegeaubert.24sevenstore.no\/index.php?rest_route=\/wp\/v2\/users\/1"}],"replies":[{"embeddable":true,"href":"https:\/\/tannlegeaubert.24sevenstore.no\/index.php?rest_route=%2Fwp%2Fv2%2Fcomments&post=221"}],"version-history":[{"count":6,"href":"https:\/\/tannlegeaubert.24sevenstore.no\/index.php?rest_route=\/wp\/v2\/pages\/221\/revisions"}],"predecessor-version":[{"id":234,"href":"https:\/\/tannlegeaubert.24sevenstore.no\/index.php?rest_route=\/wp\/v2\/pages\/221\/revisions\/234"}],"wp:attachment":[{"href":"https:\/\/tannlegeaubert.24sevenstore.no\/index.php?rest_route=%2Fwp%2Fv2%2Fmedia&parent=221"}],"curies":[{"name":"wp","href":"https:\/\/api.w.org\/{rel}","templated":true}]}}